{"id":1175,"date":"2024-07-05T23:54:40","date_gmt":"2024-07-06T05:54:40","guid":{"rendered":"https:\/\/mx.cindu.com\/?page_id=1175"},"modified":"2024-07-17T14:35:30","modified_gmt":"2024-07-17T20:35:30","slug":"terminos-y-condiciones","status":"publish","type":"page","link":"https:\/\/mx.cindu.com\/en\/terminos-y-condiciones\/","title":{"rendered":"T\u00c9RMINOS Y CONDICIONES"},"content":{"rendered":"<div data-elementor-type=\"wp-page\" data-elementor-id=\"1175\" class=\"elementor elementor-1175\" data-elementor-post-type=\"page\">\n\t\t\t\t<div class=\"elementor-element elementor-element-655bde9 e-flex e-con-boxed e-con e-parent\" data-id=\"655bde9\" data-element_type=\"container\" data-e-type=\"container\">\n\t\t\t\t\t<div class=\"e-con-inner\">\n\t\t\t\t<div class=\"elementor-element elementor-element-a614abe elementor-widget elementor-widget-heading\" data-id=\"a614abe\" data-element_type=\"widget\" data-e-type=\"widget\" data-widget_type=\"heading.default\">\n\t\t\t\t<div class=\"elementor-widget-container\">\n\t\t\t\t\t<h2 class=\"elementor-heading-title elementor-size-default\">T\u00c9RMINOS Y CONDICIONES\n<\/h2>\t\t\t\t<\/div>\n\t\t\t\t<\/div>\n\t\t\t\t<div class=\"elementor-element elementor-element-24c0f6d elementor-widget elementor-widget-text-editor\" data-id=\"24c0f6d\" data-element_type=\"widget\" data-e-type=\"widget\" data-widget_type=\"text-editor.default\">\n\t\t\t\t<div class=\"elementor-widget-container\">\n\t\t\t\t\t\t\t\t\t<p><strong>TERMINOS Y CONDICIONES DEL SITIO<\/strong><\/p><p>Bienvenidos al sitio web de CINDU DE M\u00c9XICO, S.A. de C.V. (CINDU M\u00c9XICO). Al ingresar a esta p\u00e1gina, Ud. reconoce que ha le\u00eddo los presentes T\u00e9rminos y Condiciones y acepta y se compromete a cumplirlos. No debe usar este sitio si tiene objeciones sobre dichos T\u00e9rminos y Condiciones.<\/p><p>1.- Legislaci\u00f3n aplicable.<br \/>El presente sitio web ser\u00e1 regido por la Ley Federal de Protecci\u00f3n de Datos Personales en Posesi\u00f3n de los Particulares, su Reglamento y dem\u00e1s normatividad aplicable en la materia.<br \/>En consecuencia, toda la informaci\u00f3n contenida en el mismo corresponde a productos y servicios prestados dentro de los Estados Unidos Mexicanos.<\/p><p>2.- Propiedad Intelectual<br \/>CINDU M\u00c9XICO es propietaria de los derechos de autor (copyright) de este sitio y tiene el derecho de uso exclusivo de la marca CINDU y de comercializar todos los productos producidos y comercializados bajo dicha marca. En consecuencia, no se podr\u00e1 utilizar ni hacer copias de la marca o material publicitario y contenido de la p\u00e1gina, sin la autorizaci\u00f3n expresa de CINDU M\u00c9XICO dada por escrito. Se proh\u00edbe estrictamente el uso indebido de cualquier de las Marcas que identifiquen a productos comercializados por CINDU M\u00c9XICO.<\/p><p>3.- Limitaciones de responsabilidad.<br \/>Usted comprende, reconoce y acepta los riesgos de uso de la p\u00e1gina, incluido el uso del software y los servicios ofrecidos a trav\u00e9s de este sitio, corren por su cuenta. Usted reconoce que CINDU M\u00c9XICO no garantiza en forma alguna que este sitio est\u00e9 libre de virus, \u201cbugs\u201d, o c\u00f3digos de car\u00e1cter contaminante y destructivo. LA COMPA\u00d1\u00cdA no ser\u00e1 responsable de da\u00f1os y perjuicios que se le pudiesen causar al usuario por el uso de este sitio.<\/p><p>4.- Datos personales recabados:<br \/>Al usar esta p\u00e1gina Usted acepta que CINDU M\u00c9XICO recabe la siguiente informaci\u00f3n:<\/p><p>1. Datos de Identificaci\u00f3n<br \/>2. Datos de Contacto<br \/>3. Datos de navegaci\u00f3n y dispositivos, como direcci\u00f3n IP, ubicaci\u00f3n geogr\u00e1fica, tipo de navegador, tipo de sistema, contenido y p\u00e1ginas visitadas.<\/p><p>Podemos recabar estas categor\u00edas de datos personales de manera directa o indirecta; por lo que nuestro Aviso de Privacidad siempre ser\u00e1 puesto a su disposici\u00f3n para su consulta, en cualquier momento que usted as\u00ed lo requiera o solicite. CINDU M\u00c9XICO no trata, ni solicita datos personales sensibles.<\/p><p>Si usted proporciona datos de identificaci\u00f3n y de contacto de terceras personas para finalidades de atenci\u00f3n al cliente o informaci\u00f3n comercial, deber\u00e1 informarles sobre la existencia del tratamiento de sus datos personales y el contenido de este Aviso de Privacidad.<\/p><p>Cuando usted proporciona datos personales de terceros manifiesta con su entrega que cuenta con el consentimiento de sus titulares para proporcionar su informaci\u00f3n a CINDU M\u00c9XICO.<\/p><p>CINDU M\u00c9XICO no solicita datos personales de menores de edad a trav\u00e9s de formularios o cuestionarios. Si a pesar de lo anterior, usted proporciona datos personales de menores de edad, o estos los proporcionan directamente a CINDU M\u00c9XICO, entenderemos que sus padres o tutores han consentido la entrega de dichos datos.<\/p><p>5.- Uso de datos personales<br \/>Al ingresar a la p\u00e1gina Usted acepta que CINDU M\u00c9XICO utilice sus datos personales para las siguientes\u00a0<strong>FINALIDADES PRIMARIAS<\/strong>:<\/p><p><strong>a.<\/strong>\u00a0Para ofrecerle los productos y servicios que ponemos a su disposici\u00f3n a trav\u00e9s de nuestras redes sociales y sitio web.<br \/><strong>b.<\/strong>\u00a0Contactarle para proporcionarle informaci\u00f3n sobre los servicios y productos que ponemos a su disposici\u00f3n, cuando as\u00ed lo solicite en nuestra p\u00e1gina web, v\u00eda telef\u00f3nica, correo electr\u00f3nico, o bien, a trav\u00e9s de mensajer\u00eda instant\u00e1nea de texto.<br \/><strong>c.<\/strong>\u00a0Dar seguimiento a quejas, sugerencias, denuncias, dudas y\/o aclaraciones.<br \/><strong>d.<\/strong>\u00a0Gestionar su alta correspondiente en nuestros canales de comunicaci\u00f3n como newsletters o boletines y, comunicar a usted, la publicaci\u00f3n de nuevo contenido en dichos canales.<br \/><strong>e.<\/strong>\u00a0Control y administraci\u00f3n sobre el alta y gesti\u00f3n de nuestra relaci\u00f3n con clientes.<br \/><strong>f.<\/strong>\u00a0An\u00e1lisis de datos mediante el uso de tecnolog\u00edas de anal\u00edtica, inteligencia artificial y\/o big data, con el objeto de evaluar el uso de nuestros servicios en l\u00ednea, mejorar sus presentaciones y\/o corregir errores.<br \/><strong>g.<\/strong>\u00a0Para cumplir obligaciones y requerimientos judiciales o administrativos, incluyendo la entrega de informaci\u00f3n sobre fraudes o suplantaciones de identidad.<br \/><strong>h.<\/strong>\u00a0Archivo de informaci\u00f3n sobre el uso de nuestros servicios para el cumplimiento de las disposiciones legales aplicables, incluyendo la defensa de los intereses de CINDU M\u00c9XICO ante instancias judiciales o administrativas.<\/p><p>De manera adicional, si usted no ha manifestado su oposici\u00f3n, CINDU M\u00c9XICO podr\u00e1 tratar sus datos personales para las siguientes\u00a0<strong>FINALIDADES SECUNDARIAS<\/strong>:<\/p><p><strong>a.<\/strong>\u00a0Env\u00edo de comunicaciones comerciales, publicitarias, promocionales e informativas, as\u00ed como ofertas personalizadas basadas en sus intereses y antecedentes de consumo, relacionadas con los servicios y productos que comercializa CINDU M\u00c9XICO, o marcas de nuestros socios comerciales. Tales comunicaciones incluyen el env\u00edo de correos electr\u00f3nicos, SMS, llamadas telef\u00f3nicas, y otras formas de comunicaci\u00f3n electr\u00f3nica o postal.<br \/><strong>b.<\/strong>\u00a0Levantamiento de encuestas de satisfacci\u00f3n, h\u00e1bitos de consumo y\/o estudios para mejora de nuestros servicios.<br \/><strong>c.<\/strong>\u00a0Env\u00edo de invitaciones para eventos, ferias, exhibiciones, presentaciones, concursos, capacitaciones, promociones u otro tipo de actividades organizadas o patrocinadas por CINDU M\u00c9XICO.<br \/><strong>d.<\/strong>\u00a0Generaci\u00f3n de perfiles de usuarios, mediante el uso de tecnolog\u00eda anal\u00edtica o big data.<\/p><p>CINDU M\u00c9XICO podr\u00e1 compartir su informaci\u00f3n (llevar a cabo transferencias de datos personales), en los siguientes casos y para las finalidades indicadas:<\/p><p><strong>1. Hacia nuestras empresas afiliadas o subsidiarias<\/strong>\u00a0de CINDU M\u00c9XICO, con finalidades de resguardo centralizado de la informaci\u00f3n o archivo de informaci\u00f3n sobre el uso de nuestros servicios.<br \/><strong>2. Autoridades judiciales o administrativas<\/strong>, para el cumplimiento de obligaciones legales de informaci\u00f3n o de requerimientos de informaci\u00f3n debidamente fundados y motivados en la normatividad que aplique.<\/p><p>6.- Modificaci\u00f3n de los T\u00e9rminos y Condiciones.<br \/>CINDU M\u00c9XICO podr\u00e1 modificar los T\u00e9rminos y Condiciones antes se\u00f1alados y cualquier reingreso al Sitio se entender\u00e1 que Usted ha le\u00eddo y aceptado los mismos con sus modificaciones.<\/p><p><strong>http:\/\/mx.cindu.com\/mx_es\/<\/strong><\/p><p><strong>mromero@cindu.com.mx<\/strong><\/p><p><strong>Avenida Miguel Alem\u00e1n N\u00famero 1901 \u2013 C, Colonia C\u00e1ndido Aguilar, C\u00f3digo Postal 91789, Municipio de Veracruz, Estado de Veracruz, M\u00e9xico<\/strong><\/p>\t\t\t\t\t\t\t\t<\/div>\n\t\t\t\t<\/div>\n\t\t\t\t\t<\/div>\n\t\t\t\t<\/div>\n\t\t\t\t<\/div>","protected":false},"excerpt":{"rendered":"<p>T\u00c9RMINOS Y CONDICIONES TERMINOS Y CONDICIONES DEL SITIO Bienvenidos al sitio web de CINDU DE M\u00c9XICO, S.A. de C.V. (CINDU M\u00c9XICO). Al ingresar a esta p\u00e1gina, Ud. reconoce que ha le\u00eddo los presentes T\u00e9rminos y Condiciones y acepta y se compromete a cumplirlos. No debe usar este sitio si tiene objeciones sobre dichos T\u00e9rminos y [&hellip;]<\/p>\n","protected":false},"author":1,"featured_media":469,"parent":0,"menu_order":0,"comment_status":"closed","ping_status":"open","template":"","meta":{"footnotes":""},"class_list":["post-1175","page","type-page","status-publish","has-post-thumbnail","hentry"],"yoast_head":"<!-- This site is optimized with the Yoast SEO plugin v27.4 - https:\/\/yoast.com\/product\/yoast-seo-wordpress\/ -->\n<title>T\u00c9RMINOS Y CONDICIONES - CINDU<\/title>\n<meta name=\"robots\" content=\"index, follow, max-snippet:-1, max-image-preview:large, max-video-preview:-1\" \/>\n<link rel=\"canonical\" href=\"https:\/\/mx.cindu.com\/en\/terminos-y-condiciones\/\" \/>\n<meta property=\"og:locale\" content=\"en_US\" \/>\n<meta property=\"og:type\" content=\"article\" \/>\n<meta property=\"og:title\" content=\"T\u00c9RMINOS Y CONDICIONES - CINDU\" \/>\n<meta property=\"og:description\" content=\"T\u00c9RMINOS Y CONDICIONES TERMINOS Y CONDICIONES DEL SITIO Bienvenidos al sitio web de CINDU DE M\u00c9XICO, S.A. de C.V. (CINDU M\u00c9XICO). Al ingresar a esta p\u00e1gina, Ud. reconoce que ha le\u00eddo los presentes T\u00e9rminos y Condiciones y acepta y se compromete a cumplirlos. No debe usar este sitio si tiene objeciones sobre dichos T\u00e9rminos y [&hellip;]\" \/>\n<meta property=\"og:url\" content=\"https:\/\/mx.cindu.com\/en\/terminos-y-condiciones\/\" \/>\n<meta property=\"og:site_name\" content=\"CINDU\" \/>\n<meta property=\"article:publisher\" content=\"https:\/\/www.facebook.com\/CINDUMexico\" \/>\n<meta property=\"article:modified_time\" content=\"2024-07-17T20:35:30+00:00\" \/>\n<meta property=\"og:image\" content=\"https:\/\/mx.cindu.com\/wp-content\/uploads\/2023\/11\/cropped-Logo-con-bandera.png\" \/>\n\t<meta property=\"og:image:width\" content=\"148\" \/>\n\t<meta property=\"og:image:height\" content=\"109\" \/>\n\t<meta property=\"og:image:type\" content=\"image\/png\" \/>\n<meta name=\"twitter:card\" content=\"summary_large_image\" \/>\n<meta name=\"twitter:label1\" content=\"Est. reading time\" \/>\n\t<meta name=\"twitter:data1\" content=\"5 minutes\" \/>\n<script type=\"application\/ld+json\" class=\"yoast-schema-graph\">{\"@context\":\"https:\\\/\\\/schema.org\",\"@graph\":[{\"@type\":\"WebPage\",\"@id\":\"https:\\\/\\\/mx.cindu.com\\\/terminos-y-condiciones\\\/\",\"url\":\"https:\\\/\\\/mx.cindu.com\\\/terminos-y-condiciones\\\/\",\"name\":\"T\u00c9RMINOS Y CONDICIONES - CINDU\",\"isPartOf\":{\"@id\":\"https:\\\/\\\/mx.cindu.com\\\/#website\"},\"primaryImageOfPage\":{\"@id\":\"https:\\\/\\\/mx.cindu.com\\\/terminos-y-condiciones\\\/#primaryimage\"},\"image\":{\"@id\":\"https:\\\/\\\/mx.cindu.com\\\/terminos-y-condiciones\\\/#primaryimage\"},\"thumbnailUrl\":\"https:\\\/\\\/mx.cindu.com\\\/wp-content\\\/uploads\\\/2023\\\/11\\\/cropped-Logo-con-bandera.png\",\"datePublished\":\"2024-07-06T05:54:40+00:00\",\"dateModified\":\"2024-07-17T20:35:30+00:00\",\"breadcrumb\":{\"@id\":\"https:\\\/\\\/mx.cindu.com\\\/terminos-y-condiciones\\\/#breadcrumb\"},\"inLanguage\":\"en-US\",\"potentialAction\":[{\"@type\":\"ReadAction\",\"target\":[\"https:\\\/\\\/mx.cindu.com\\\/terminos-y-condiciones\\\/\"]}]},{\"@type\":\"ImageObject\",\"inLanguage\":\"en-US\",\"@id\":\"https:\\\/\\\/mx.cindu.com\\\/terminos-y-condiciones\\\/#primaryimage\",\"url\":\"https:\\\/\\\/mx.cindu.com\\\/wp-content\\\/uploads\\\/2023\\\/11\\\/cropped-Logo-con-bandera.png\",\"contentUrl\":\"https:\\\/\\\/mx.cindu.com\\\/wp-content\\\/uploads\\\/2023\\\/11\\\/cropped-Logo-con-bandera.png\",\"width\":148,\"height\":109},{\"@type\":\"BreadcrumbList\",\"@id\":\"https:\\\/\\\/mx.cindu.com\\\/terminos-y-condiciones\\\/#breadcrumb\",\"itemListElement\":[{\"@type\":\"ListItem\",\"position\":1,\"name\":\"Portada\",\"item\":\"https:\\\/\\\/mx.cindu.com\\\/\"},{\"@type\":\"ListItem\",\"position\":2,\"name\":\"T\u00c9RMINOS Y CONDICIONES\"}]},{\"@type\":\"WebSite\",\"@id\":\"https:\\\/\\\/mx.cindu.com\\\/#website\",\"url\":\"https:\\\/\\\/mx.cindu.com\\\/\",\"name\":\"CINDU M\u00e9xico\",\"description\":\"CINDU M&eacute;xico tiene la misi&oacute;n de brindar a sus clientes techos industriales, comerciales y residenciales, paneles aislantes, impermeabilizantes, pinturas y una gran variedad de productos de construcci&oacute;n complementarios.\",\"publisher\":{\"@id\":\"https:\\\/\\\/mx.cindu.com\\\/#organization\"},\"potentialAction\":[{\"@type\":\"SearchAction\",\"target\":{\"@type\":\"EntryPoint\",\"urlTemplate\":\"https:\\\/\\\/mx.cindu.com\\\/?s={search_term_string}\"},\"query-input\":{\"@type\":\"PropertyValueSpecification\",\"valueRequired\":true,\"valueName\":\"search_term_string\"}}],\"inLanguage\":\"en-US\"},{\"@type\":\"Organization\",\"@id\":\"https:\\\/\\\/mx.cindu.com\\\/#organization\",\"name\":\"CINDU\",\"url\":\"https:\\\/\\\/mx.cindu.com\\\/\",\"logo\":{\"@type\":\"ImageObject\",\"inLanguage\":\"en-US\",\"@id\":\"https:\\\/\\\/mx.cindu.com\\\/#\\\/schema\\\/logo\\\/image\\\/\",\"url\":\"https:\\\/\\\/mx.cindu.com\\\/wp-content\\\/uploads\\\/2023\\\/11\\\/cropped-Logo-con-bandera.png\",\"contentUrl\":\"https:\\\/\\\/mx.cindu.com\\\/wp-content\\\/uploads\\\/2023\\\/11\\\/cropped-Logo-con-bandera.png\",\"width\":148,\"height\":109,\"caption\":\"CINDU\"},\"image\":{\"@id\":\"https:\\\/\\\/mx.cindu.com\\\/#\\\/schema\\\/logo\\\/image\\\/\"},\"sameAs\":[\"https:\\\/\\\/www.facebook.com\\\/CINDUMexico\"]}]}<\/script>\n<!-- \/ Yoast SEO plugin. -->","yoast_head_json":{"title":"T\u00c9RMINOS Y CONDICIONES - CINDU","robots":{"index":"index","follow":"follow","max-snippet":"max-snippet:-1","max-image-preview":"max-image-preview:large","max-video-preview":"max-video-preview:-1"},"canonical":"https:\/\/mx.cindu.com\/en\/terminos-y-condiciones\/","og_locale":"en_US","og_type":"article","og_title":"T\u00c9RMINOS Y CONDICIONES - CINDU","og_description":"T\u00c9RMINOS Y CONDICIONES TERMINOS Y CONDICIONES DEL SITIO Bienvenidos al sitio web de CINDU DE M\u00c9XICO, S.A. de C.V. (CINDU M\u00c9XICO). Al ingresar a esta p\u00e1gina, Ud. reconoce que ha le\u00eddo los presentes T\u00e9rminos y Condiciones y acepta y se compromete a cumplirlos. No debe usar este sitio si tiene objeciones sobre dichos T\u00e9rminos y [&hellip;]","og_url":"https:\/\/mx.cindu.com\/en\/terminos-y-condiciones\/","og_site_name":"CINDU","article_publisher":"https:\/\/www.facebook.com\/CINDUMexico","article_modified_time":"2024-07-17T20:35:30+00:00","og_image":[{"width":148,"height":109,"url":"https:\/\/mx.cindu.com\/wp-content\/uploads\/2023\/11\/cropped-Logo-con-bandera.png","type":"image\/png"}],"twitter_card":"summary_large_image","twitter_misc":{"Est. reading time":"5 minutes"},"schema":{"@context":"https:\/\/schema.org","@graph":[{"@type":"WebPage","@id":"https:\/\/mx.cindu.com\/terminos-y-condiciones\/","url":"https:\/\/mx.cindu.com\/terminos-y-condiciones\/","name":"T\u00c9RMINOS Y CONDICIONES - CINDU","isPartOf":{"@id":"https:\/\/mx.cindu.com\/#website"},"primaryImageOfPage":{"@id":"https:\/\/mx.cindu.com\/terminos-y-condiciones\/#primaryimage"},"image":{"@id":"https:\/\/mx.cindu.com\/terminos-y-condiciones\/#primaryimage"},"thumbnailUrl":"https:\/\/mx.cindu.com\/wp-content\/uploads\/2023\/11\/cropped-Logo-con-bandera.png","datePublished":"2024-07-06T05:54:40+00:00","dateModified":"2024-07-17T20:35:30+00:00","breadcrumb":{"@id":"https:\/\/mx.cindu.com\/terminos-y-condiciones\/#breadcrumb"},"inLanguage":"en-US","potentialAction":[{"@type":"ReadAction","target":["https:\/\/mx.cindu.com\/terminos-y-condiciones\/"]}]},{"@type":"ImageObject","inLanguage":"en-US","@id":"https:\/\/mx.cindu.com\/terminos-y-condiciones\/#primaryimage","url":"https:\/\/mx.cindu.com\/wp-content\/uploads\/2023\/11\/cropped-Logo-con-bandera.png","contentUrl":"https:\/\/mx.cindu.com\/wp-content\/uploads\/2023\/11\/cropped-Logo-con-bandera.png","width":148,"height":109},{"@type":"BreadcrumbList","@id":"https:\/\/mx.cindu.com\/terminos-y-condiciones\/#breadcrumb","itemListElement":[{"@type":"ListItem","position":1,"name":"Portada","item":"https:\/\/mx.cindu.com\/"},{"@type":"ListItem","position":2,"name":"T\u00c9RMINOS Y CONDICIONES"}]},{"@type":"WebSite","@id":"https:\/\/mx.cindu.com\/#website","url":"https:\/\/mx.cindu.com\/","name":"CINDU M\u00e9xico","description":"CINDU M&eacute;xico tiene la misi&oacute;n de brindar a sus clientes techos industriales, comerciales y residenciales, paneles aislantes, impermeabilizantes, pinturas y una gran variedad de productos de construcci&oacute;n complementarios.","publisher":{"@id":"https:\/\/mx.cindu.com\/#organization"},"potentialAction":[{"@type":"SearchAction","target":{"@type":"EntryPoint","urlTemplate":"https:\/\/mx.cindu.com\/?s={search_term_string}"},"query-input":{"@type":"PropertyValueSpecification","valueRequired":true,"valueName":"search_term_string"}}],"inLanguage":"en-US"},{"@type":"Organization","@id":"https:\/\/mx.cindu.com\/#organization","name":"CINDU","url":"https:\/\/mx.cindu.com\/","logo":{"@type":"ImageObject","inLanguage":"en-US","@id":"https:\/\/mx.cindu.com\/#\/schema\/logo\/image\/","url":"https:\/\/mx.cindu.com\/wp-content\/uploads\/2023\/11\/cropped-Logo-con-bandera.png","contentUrl":"https:\/\/mx.cindu.com\/wp-content\/uploads\/2023\/11\/cropped-Logo-con-bandera.png","width":148,"height":109,"caption":"CINDU"},"image":{"@id":"https:\/\/mx.cindu.com\/#\/schema\/logo\/image\/"},"sameAs":["https:\/\/www.facebook.com\/CINDUMexico"]}]}},"_links":{"self":[{"href":"https:\/\/mx.cindu.com\/en\/wp-json\/wp\/v2\/pages\/1175","targetHints":{"allow":["GET"]}}],"collection":[{"href":"https:\/\/mx.cindu.com\/en\/wp-json\/wp\/v2\/pages"}],"about":[{"href":"https:\/\/mx.cindu.com\/en\/wp-json\/wp\/v2\/types\/page"}],"author":[{"embeddable":true,"href":"https:\/\/mx.cindu.com\/en\/wp-json\/wp\/v2\/users\/1"}],"replies":[{"embeddable":true,"href":"https:\/\/mx.cindu.com\/en\/wp-json\/wp\/v2\/comments?post=1175"}],"version-history":[{"count":6,"href":"https:\/\/mx.cindu.com\/en\/wp-json\/wp\/v2\/pages\/1175\/revisions"}],"predecessor-version":[{"id":2143,"href":"https:\/\/mx.cindu.com\/en\/wp-json\/wp\/v2\/pages\/1175\/revisions\/2143"}],"wp:featuredmedia":[{"embeddable":true,"href":"https:\/\/mx.cindu.com\/en\/wp-json\/wp\/v2\/media\/469"}],"wp:attachment":[{"href":"https:\/\/mx.cindu.com\/en\/wp-json\/wp\/v2\/media?parent=1175"}],"curies":[{"name":"wp","href":"https:\/\/api.w.org\/{rel}","templated":true}]}}